{"id":10,"date":"2025-05-14T09:59:55","date_gmt":"2025-05-14T12:59:55","guid":{"rendered":"https:\/\/loria.letsite.com.br\/?page_id=10"},"modified":"2026-02-27T10:34:30","modified_gmt":"2026-02-27T13:34:30","slug":"sobre","status":"publish","type":"page","link":"https:\/\/loriaadvogados.com.br\/en\/sobre\/","title":{"rendered":"About us"},"content":{"rendered":"<p><\/p>\n<h2><span class=\"TextRun SCXW240523786 BCX0\" lang=\"PT-BR\" xml:lang=\"PT-BR\" data-contrast=\"auto\"><span class=\"NormalTextRun SCXW240523786 BCX0\">Tax architecture for Brazil in transformation.\u202f<\/span><\/span><span class=\"EOP SCXW240523786 BCX0\" data-ccp-props=\"{}\">\u00a0<\/span><\/h2>\n<p>Brazil\u2019s tax system is undergoing a profound change.<\/p>\n<p>The Consumption Tax Reform is reshaping the entire system for taxing productive activity, combining multiple federal, state, and municipal taxes into a globally aligned Goods and Services Tax (GST).<\/p>\n<p>Taxpayers and governments will go through a challenging transition period between 2026 and 2032. These will be years of intense work, requiring an intense commitment to the Reform\u2019s core objectives: simplification, reduction of litigation, a broad tax base, full input tax credits, and exemption of exports and capital expenditures.<\/p>\n<p>Income and wealth taxation are being debated across the world, with countries proposing measures aimed at increasing tax fairness and neutrality.<\/p>\n<p>Global solutions are being designed and redesigned, such as OECD\u2019s Pillar Two. In parallel, Brazil, like many other countries, is moving forward with its own changes to income taxation, including the taxation of dividends and high-income individuals.<\/p>\n<p>Loria Advogados was conceived to assist companies and families navigate this complex period of transformation in the tax framework. We act as a compass, guiding taxpayers through this transition and supporting each necessary adjustment to address new challenges.<\/p>\n<p>Our partners have been working together for over 20 years, combining experience in tax advisory and tax litigation at leading law firms and at the public-sector, including work at the Extraordinary Secretariat for Tax Reform within Brazil\u2019s Ministry of Finance.<\/p>","protected":false},"excerpt":{"rendered":"<p>We are committed to high ethical standards, technical excellence and an independent, client-focused approach, offering legal advice that is both rigorous and commercially sound.<\/p>\n","protected":false},"author":1,"featured_media":99,"parent":0,"menu_order":0,"comment_status":"closed","ping_status":"closed","template":"page-sobre.php","meta":{"_acf_changed":false,"footnotes":""},"class_list":["post-10","page","type-page","status-publish","has-post-thumbnail","hentry"],"acf":[],"yoast_head":"<!-- This site is optimized with the Yoast SEO plugin v27.4 - https:\/\/yoast.com\/product\/yoast-seo-wordpress\/ -->\n<title>About us - Loria Advogados<\/title>\n<meta name=\"robots\" content=\"index, follow, max-snippet:-1, max-image-preview:large, max-video-preview:-1\" \/>\n<link rel=\"canonical\" href=\"https:\/\/loriaadvogados.com.br\/sobre\/\" \/>\n<meta property=\"og:locale\" content=\"en_US\" \/>\n<meta property=\"og:type\" content=\"article\" \/>\n<meta property=\"og:title\" content=\"[:pb]Sobre n\u00f3s[:en]About us[:] - Loria Advogados\" \/>\n<meta property=\"og:description\" content=\"[:pb]Prestamos servi\u00e7os de excel\u00eancia em Direito Tribut\u00e1rio consultivo e contencioso, com rigor t\u00e9cnico, adapta\u00e7\u00e3o ao neg\u00f3cio do cliente e vis\u00e3o institucional[:en]We are committed to high ethical standards, technical excellence and an independent, client-focused approach, offering legal advice that is both rigorous and commercially sound.[:]\" \/>\n<meta property=\"og:url\" content=\"https:\/\/loriaadvogados.com.br\/sobre\/\" \/>\n<meta property=\"og:site_name\" content=\"Loria Advogados\" \/>\n<meta property=\"article:modified_time\" content=\"2026-02-27T13:34:30+00:00\" \/>\n<meta property=\"og:image\" content=\"https:\/\/loriaadvogados.com.br\/wp-content\/uploads\/2025\/05\/pessoas-negocio-investir-ligado-startup-buiness.jpg\" \/>\n\t<meta property=\"og:image:width\" content=\"1500\" \/>\n\t<meta property=\"og:image:height\" content=\"1000\" \/>\n\t<meta property=\"og:image:type\" content=\"image\/jpeg\" \/>\n<meta name=\"twitter:card\" content=\"summary_large_image\" \/>\n<meta name=\"twitter:label1\" content=\"Est. reading time\" \/>\n\t<meta name=\"twitter:data1\" content=\"2 minutes\" \/>\n<script type=\"application\/ld+json\" class=\"yoast-schema-graph\">{\"@context\":\"https:\\\/\\\/schema.org\",\"@graph\":[{\"@type\":\"WebPage\",\"@id\":\"https:\\\/\\\/loriaadvogados.com.br\\\/sobre\\\/\",\"url\":\"https:\\\/\\\/loriaadvogados.com.br\\\/sobre\\\/\",\"name\":\"[:pb]Sobre n\u00f3s[:en]About us[:] - Loria Advogados\",\"isPartOf\":{\"@id\":\"https:\\\/\\\/loriaadvogados.com.br\\\/en\\\/#website\"},\"primaryImageOfPage\":{\"@id\":\"https:\\\/\\\/loriaadvogados.com.br\\\/sobre\\\/#primaryimage\"},\"image\":{\"@id\":\"https:\\\/\\\/loriaadvogados.com.br\\\/sobre\\\/#primaryimage\"},\"thumbnailUrl\":\"https:\\\/\\\/loriaadvogados.com.br\\\/wp-content\\\/uploads\\\/2025\\\/05\\\/pessoas-negocio-investir-ligado-startup-buiness.jpg\",\"datePublished\":\"2025-05-14T12:59:55+00:00\",\"dateModified\":\"2026-02-27T13:34:30+00:00\",\"breadcrumb\":{\"@id\":\"https:\\\/\\\/loriaadvogados.com.br\\\/sobre\\\/#breadcrumb\"},\"inLanguage\":\"en-US\",\"potentialAction\":[{\"@type\":\"ReadAction\",\"target\":[\"https:\\\/\\\/loriaadvogados.com.br\\\/sobre\\\/\"]}]},{\"@type\":\"ImageObject\",\"inLanguage\":\"en-US\",\"@id\":\"https:\\\/\\\/loriaadvogados.com.br\\\/sobre\\\/#primaryimage\",\"url\":\"https:\\\/\\\/loriaadvogados.com.br\\\/wp-content\\\/uploads\\\/2025\\\/05\\\/pessoas-negocio-investir-ligado-startup-buiness.jpg\",\"contentUrl\":\"https:\\\/\\\/loriaadvogados.com.br\\\/wp-content\\\/uploads\\\/2025\\\/05\\\/pessoas-negocio-investir-ligado-startup-buiness.jpg\",\"width\":1500,\"height\":1000,\"caption\":\"Sobre n\u00f3s\"},{\"@type\":\"BreadcrumbList\",\"@id\":\"https:\\\/\\\/loriaadvogados.com.br\\\/sobre\\\/#breadcrumb\",\"itemListElement\":[{\"@type\":\"ListItem\",\"position\":1,\"name\":\"In\u00edcio\",\"item\":\"https:\\\/\\\/loriaadvogados.com.br\\\/\"},{\"@type\":\"ListItem\",\"position\":2,\"name\":\"Sobre n\u00f3s\"}]},{\"@type\":\"WebSite\",\"@id\":\"https:\\\/\\\/loriaadvogados.com.br\\\/en\\\/#website\",\"url\":\"https:\\\/\\\/loriaadvogados.com.br\\\/en\\\/\",\"name\":\"Loria Advogados\",\"description\":\"\",\"publisher\":{\"@id\":\"https:\\\/\\\/loriaadvogados.com.br\\\/en\\\/#organization\"},\"potentialAction\":[{\"@type\":\"SearchAction\",\"target\":{\"@type\":\"EntryPoint\",\"urlTemplate\":\"https:\\\/\\\/loriaadvogados.com.br\\\/en\\\/?s={search_term_string}\"},\"query-input\":{\"@type\":\"PropertyValueSpecification\",\"valueRequired\":true,\"valueName\":\"search_term_string\"}}],\"inLanguage\":\"en-US\"},{\"@type\":\"Organization\",\"@id\":\"https:\\\/\\\/loriaadvogados.com.br\\\/en\\\/#organization\",\"name\":\"Loria Advogados\",\"url\":\"https:\\\/\\\/loriaadvogados.com.br\\\/en\\\/\",\"logo\":{\"@type\":\"ImageObject\",\"inLanguage\":\"en-US\",\"@id\":\"https:\\\/\\\/loriaadvogados.com.br\\\/en\\\/#\\\/schema\\\/logo\\\/image\\\/\",\"url\":\"https:\\\/\\\/loriaadvogados.com.br\\\/wp-content\\\/uploads\\\/2025\\\/10\\\/loria-advogados.png\",\"contentUrl\":\"https:\\\/\\\/loriaadvogados.com.br\\\/wp-content\\\/uploads\\\/2025\\\/10\\\/loria-advogados.png\",\"width\":960,\"height\":400,\"caption\":\"Loria Advogados\"},\"image\":{\"@id\":\"https:\\\/\\\/loriaadvogados.com.br\\\/en\\\/#\\\/schema\\\/logo\\\/image\\\/\"},\"sameAs\":[\"https:\\\/\\\/www.instagram.com\\\/loriaadvogados\\\/\",\"https:\\\/\\\/www.linkedin.com\\\/company\\\/loria-advogados\\\/\",\"https:\\\/\\\/www.youtube.com\\\/@LoriaAdvogados\"]}]}<\/script>\n<!-- \/ Yoast SEO plugin. -->","yoast_head_json":{"title":"[:pb]Sobre n\u00f3s[:en]About us[:] - Loria Advogados","robots":{"index":"index","follow":"follow","max-snippet":"max-snippet:-1","max-image-preview":"max-image-preview:large","max-video-preview":"max-video-preview:-1"},"canonical":"https:\/\/loriaadvogados.com.br\/sobre\/","og_locale":"en_US","og_type":"article","og_title":"[:pb]Sobre n\u00f3s[:en]About us[:] - Loria Advogados","og_description":"[:pb]Prestamos servi\u00e7os de excel\u00eancia em Direito Tribut\u00e1rio consultivo e contencioso, com rigor t\u00e9cnico, adapta\u00e7\u00e3o ao neg\u00f3cio do cliente e vis\u00e3o institucional[:en]We are committed to high ethical standards, technical excellence and an independent, client-focused approach, offering legal advice that is both rigorous and commercially sound.[:]","og_url":"https:\/\/loriaadvogados.com.br\/sobre\/","og_site_name":"Loria Advogados","article_modified_time":"2026-02-27T13:34:30+00:00","og_image":[{"width":1500,"height":1000,"url":"https:\/\/loriaadvogados.com.br\/wp-content\/uploads\/2025\/05\/pessoas-negocio-investir-ligado-startup-buiness.jpg","type":"image\/jpeg"}],"twitter_card":"summary_large_image","twitter_misc":{"Est. reading time":"2 minutes"},"schema":{"@context":"https:\/\/schema.org","@graph":[{"@type":"WebPage","@id":"https:\/\/loriaadvogados.com.br\/sobre\/","url":"https:\/\/loriaadvogados.com.br\/sobre\/","name":"[:pb]Sobre n\u00f3s[:en]About us[:] - Loria Advogados","isPartOf":{"@id":"https:\/\/loriaadvogados.com.br\/en\/#website"},"primaryImageOfPage":{"@id":"https:\/\/loriaadvogados.com.br\/sobre\/#primaryimage"},"image":{"@id":"https:\/\/loriaadvogados.com.br\/sobre\/#primaryimage"},"thumbnailUrl":"https:\/\/loriaadvogados.com.br\/wp-content\/uploads\/2025\/05\/pessoas-negocio-investir-ligado-startup-buiness.jpg","datePublished":"2025-05-14T12:59:55+00:00","dateModified":"2026-02-27T13:34:30+00:00","breadcrumb":{"@id":"https:\/\/loriaadvogados.com.br\/sobre\/#breadcrumb"},"inLanguage":"en-US","potentialAction":[{"@type":"ReadAction","target":["https:\/\/loriaadvogados.com.br\/sobre\/"]}]},{"@type":"ImageObject","inLanguage":"en-US","@id":"https:\/\/loriaadvogados.com.br\/sobre\/#primaryimage","url":"https:\/\/loriaadvogados.com.br\/wp-content\/uploads\/2025\/05\/pessoas-negocio-investir-ligado-startup-buiness.jpg","contentUrl":"https:\/\/loriaadvogados.com.br\/wp-content\/uploads\/2025\/05\/pessoas-negocio-investir-ligado-startup-buiness.jpg","width":1500,"height":1000,"caption":"Sobre n\u00f3s"},{"@type":"BreadcrumbList","@id":"https:\/\/loriaadvogados.com.br\/sobre\/#breadcrumb","itemListElement":[{"@type":"ListItem","position":1,"name":"In\u00edcio","item":"https:\/\/loriaadvogados.com.br\/"},{"@type":"ListItem","position":2,"name":"Sobre n\u00f3s"}]},{"@type":"WebSite","@id":"https:\/\/loriaadvogados.com.br\/en\/#website","url":"https:\/\/loriaadvogados.com.br\/en\/","name":"Loria Advogados","description":"","publisher":{"@id":"https:\/\/loriaadvogados.com.br\/en\/#organization"},"potentialAction":[{"@type":"SearchAction","target":{"@type":"EntryPoint","urlTemplate":"https:\/\/loriaadvogados.com.br\/en\/?s={search_term_string}"},"query-input":{"@type":"PropertyValueSpecification","valueRequired":true,"valueName":"search_term_string"}}],"inLanguage":"en-US"},{"@type":"Organization","@id":"https:\/\/loriaadvogados.com.br\/en\/#organization","name":"Loria Advogados","url":"https:\/\/loriaadvogados.com.br\/en\/","logo":{"@type":"ImageObject","inLanguage":"en-US","@id":"https:\/\/loriaadvogados.com.br\/en\/#\/schema\/logo\/image\/","url":"https:\/\/loriaadvogados.com.br\/wp-content\/uploads\/2025\/10\/loria-advogados.png","contentUrl":"https:\/\/loriaadvogados.com.br\/wp-content\/uploads\/2025\/10\/loria-advogados.png","width":960,"height":400,"caption":"Loria Advogados"},"image":{"@id":"https:\/\/loriaadvogados.com.br\/en\/#\/schema\/logo\/image\/"},"sameAs":["https:\/\/www.instagram.com\/loriaadvogados\/","https:\/\/www.linkedin.com\/company\/loria-advogados\/","https:\/\/www.youtube.com\/@LoriaAdvogados"]}]}},"_links":{"self":[{"href":"https:\/\/loriaadvogados.com.br\/en\/wp-json\/wp\/v2\/pages\/10","targetHints":{"allow":["GET"]}}],"collection":[{"href":"https:\/\/loriaadvogados.com.br\/en\/wp-json\/wp\/v2\/pages"}],"about":[{"href":"https:\/\/loriaadvogados.com.br\/en\/wp-json\/wp\/v2\/types\/page"}],"author":[{"embeddable":true,"href":"https:\/\/loriaadvogados.com.br\/en\/wp-json\/wp\/v2\/users\/1"}],"replies":[{"embeddable":true,"href":"https:\/\/loriaadvogados.com.br\/en\/wp-json\/wp\/v2\/comments?post=10"}],"version-history":[{"count":6,"href":"https:\/\/loriaadvogados.com.br\/en\/wp-json\/wp\/v2\/pages\/10\/revisions"}],"predecessor-version":[{"id":682,"href":"https:\/\/loriaadvogados.com.br\/en\/wp-json\/wp\/v2\/pages\/10\/revisions\/682"}],"wp:featuredmedia":[{"embeddable":true,"href":"https:\/\/loriaadvogados.com.br\/en\/wp-json\/wp\/v2\/media\/99"}],"wp:attachment":[{"href":"https:\/\/loriaadvogados.com.br\/en\/wp-json\/wp\/v2\/media?parent=10"}],"curies":[{"name":"wp","href":"https:\/\/api.w.org\/{rel}","templated":true}]}}